{"id":628,"date":"2023-10-02T11:13:28","date_gmt":"2023-10-02T08:13:28","guid":{"rendered":"https:\/\/applefix.fi\/materials\/"},"modified":"2025-06-09T17:04:46","modified_gmt":"2025-06-09T14:04:46","slug":"materials","status":"publish","type":"page","link":"https:\/\/applefix.fi\/en\/materials\/","title":{"rendered":"Materials"},"content":{"rendered":"<p>[et_pb_section fb_built=&#8221;1&#8243; _builder_version=&#8221;4.21.0&#8243; _module_preset=&#8221;default&#8221; custom_padding=&#8221;4px|||||&#8221; global_colors_info=&#8221;{}&#8221;][et_pb_row _builder_version=&#8221;4.21.0&#8243; _module_preset=&#8221;default&#8221; global_colors_info=&#8221;{}&#8221;][et_pb_column type=&#8221;4_4&#8243; _builder_version=&#8221;4.21.0&#8243; _module_preset=&#8221;default&#8221; global_colors_info=&#8221;{}&#8221;][et_pb_slider _builder_version=&#8221;4.21.0&#8243; _module_preset=&#8221;default&#8221; global_colors_info=&#8221;{}&#8221;][et_pb_slide heading=&#8221;MATERIALS&#8221; button_link=&#8221;\/products\/&#8221; _builder_version=&#8221;4.21.0&#8243; _module_preset=&#8221;default&#8221; header_level=&#8221;h2&#8243; header_font=&#8221;|600|||||||&#8221; header_text_color=&#8221;#FFFFFF&#8221; header_font_size=&#8221;63px&#8221; body_font=&#8221;|600|||||||&#8221; body_font_size=&#8221;35px&#8221; body_line_height=&#8221;36px&#8221; background_enable_color=&#8221;off&#8221; background_image=&#8221;https:\/\/applefix.fi\/wp-content\/uploads\/2023\/09\/nikkeliseoslevyt-1.jpg&#8221; background_enable_image=&#8221;on&#8221; custom_button=&#8221;on&#8221; button_text_color=&#8221;#FFFFFF&#8221; button_bg_color=&#8221;#E02B20&#8243; button_border_width=&#8221;-1px&#8221; button_border_color=&#8221;RGBA(255,255,255,0)&#8221; button_font=&#8221;|||on|||||&#8221; text_orientation=&#8221;left&#8221; background_layout=&#8221;light&#8221; custom_padding=&#8221;100px||100px||true|false&#8221; custom_padding_tablet=&#8221;100px||100px||true|false&#8221; custom_padding_phone=&#8221;50px||50px||true|false&#8221; custom_padding_last_edited=&#8221;on|phone&#8221; header_font_size_tablet=&#8221;63px&#8221; header_font_size_phone=&#8221;30px&#8221; header_font_size_last_edited=&#8221;on|desktop&#8221; global_colors_info=&#8221;{}&#8221; sticky_transition=&#8221;on&#8221;][\/et_pb_slide][\/et_pb_slider][\/et_pb_column][\/et_pb_row][et_pb_row column_structure=&#8221;1_2,1_2&#8243; use_custom_gutter=&#8221;on&#8221; gutter_width=&#8221;1&#8243; make_equal=&#8221;on&#8221; _builder_version=&#8221;4.23.1&#8243; _module_preset=&#8221;default&#8221; width=&#8221;100%&#8221; max_width=&#8221;1518px&#8221; height=&#8221;411px&#8221; height_tablet=&#8221;411px&#8221; height_phone=&#8221;411px&#8221; height_last_edited=&#8221;on|phone&#8221; max_height=&#8221;470px&#8221; custom_padding=&#8221;0px||0px|||&#8221; hover_enabled=&#8221;0&#8243; global_colors_info=&#8221;{}&#8221; sticky_enabled=&#8221;0&#8243;][et_pb_column type=&#8221;1_2&#8243; _builder_version=&#8221;4.23.1&#8243; _module_preset=&#8221;default&#8221; background_color=&#8221;#e2e7ed&#8221; custom_padding=&#8221;5%|5%|5%|5%|true|true&#8221; custom_padding_tablet=&#8221;5%|5%|5%|5%|true|true&#8221; custom_padding_phone=&#8221;5%|5%|5%|5%|true|true&#8221; custom_padding_last_edited=&#8221;on|phone&#8221; global_colors_info=&#8221;{}&#8221;][et_pb_text _builder_version=&#8221;4.23.1&#8243; _module_preset=&#8221;default&#8221; text_text_color=&#8221;#000000&#8243; text_line_height=&#8221;1.8em&#8221; header_2_text_color=&#8221;#E02B20&#8243; header_2_font_size=&#8221;35px&#8221; header_2_letter_spacing=&#8221;1px&#8221; header_2_line_height=&#8221;1.2em&#8221; background_color=&#8221;RGBA(255,255,255,0)&#8221; header_2_font_size_tablet=&#8221;35px&#8221; header_2_font_size_phone=&#8221;28px&#8221; header_2_font_size_last_edited=&#8221;on|phone&#8221; global_colors_info=&#8221;{}&#8221;]<\/p>\n<h2>WIDE SELECTION OF MATERIALS<\/h2>\n<hr width=\"20%\" size=\"4\" color=\"red\" align=\"left\" noshade>\n<p><span><br \/>Our product range includes a comprehensive number of heat- and fire-resistant steels in sheets, bars and pipes. The delivery program also includes other special steels as an important part, such as nickel alloy materials, duplex and corrosion-resistant materials.<\/span><\/p>\n<p>[\/et_pb_text][\/et_pb_column][et_pb_column type=&#8221;1_2&#8243; _builder_version=&#8221;4.23.1&#8243; _module_preset=&#8221;default&#8221; custom_padding=&#8221;60px||60px||true|false&#8221; hover_enabled=&#8221;0&#8243; global_colors_info=&#8221;{}&#8221; custom_padding_last_edited=&#8221;on|desktop&#8221; sticky_enabled=&#8221;0&#8243; alt=&#8221;tulenkest\u00e4v\u00e4t ter\u00e4slevyt&#8221; title_text=&#8221;tulenkest\u00e4v\u00e4t ter\u00e4slevyt&#8221; background_image=&#8221;https:\/\/applefix.fi\/wp-content\/uploads\/2023\/09\/tulenkestavat-teraslevyt.jpg&#8221; disabled_on=&#8221;off|on|on&#8221; custom_padding_tablet=&#8221;60px||60px||true|false&#8221; custom_padding_phone=&#8221;60px||60px||true|false&#8221;][et_pb_image src=&#8221;https:\/\/applefix.fi\/wp-content\/uploads\/2023\/09\/tulenkestavat-teraslevyt.jpg&#8221; alt=&#8221;Fire-resistant steel plates&#8221; title_text=&#8221;Fire-resistant steel plates&#8221; force_fullwidth=&#8221;on&#8221; _builder_version=&#8221;4.23.1&#8243; _module_preset=&#8221;default&#8221; max_height=&#8221;409px&#8221; custom_margin=&#8221;-58px||-12px|||&#8221; custom_padding=&#8221;||0px|||&#8221; global_colors_info=&#8221;{}&#8221;][\/et_pb_image][\/et_pb_column][\/et_pb_row][et_pb_row column_structure=&#8221;1_2,1_2&#8243; use_custom_gutter=&#8221;on&#8221; gutter_width=&#8221;1&#8243; make_equal=&#8221;on&#8221; _builder_version=&#8221;4.23.1&#8243; _module_preset=&#8221;default&#8221; width=&#8221;100%&#8221; max_width=&#8221;1520px&#8221; max_height=&#8221;566px&#8221; custom_padding=&#8221;0px|||||&#8221; hover_enabled=&#8221;0&#8243; global_colors_info=&#8221;{}&#8221; sticky_enabled=&#8221;0&#8243;][et_pb_column type=&#8221;1_2&#8243; _builder_version=&#8221;4.23.1&#8243; _module_preset=&#8221;default&#8221; custom_padding=&#8221;60px||60px||true|false&#8221; hover_enabled=&#8221;0&#8243; global_colors_info=&#8221;{}&#8221; alt=&#8221;Ruostumattomat ja haponkest\u00e4v\u00e4t ter\u00e4sputket&#8221; title_text=&#8221;Ruostumattomat ja haponkest\u00e4v\u00e4t ter\u00e4sputket&#8221; background_image=&#8221;https:\/\/applefix.fi\/wp-content\/uploads\/2023\/09\/Ruostumattomat-ja-haponkestavat-terasputket.jpg&#8221; disabled_on=&#8221;off|on|on&#8221; custom_padding_last_edited=&#8221;on|phone&#8221; sticky_enabled=&#8221;0&#8243; custom_padding_phone=&#8221;0px||0px||true|false&#8221; custom_padding_tablet=&#8221;60px||60px||true|false&#8221;][et_pb_image src=&#8221;https:\/\/applefix.fi\/wp-content\/uploads\/2023\/09\/Ruostumattomat-ja-haponkestavat-terasputket.jpg&#8221; alt=&#8221;Stainless and acid-resistant pipes&#8221; title_text=&#8221;Stainless and acid-resistant pipes&#8221; force_fullwidth=&#8221;on&#8221; _builder_version=&#8221;4.23.1&#8243; _module_preset=&#8221;default&#8221; max_height=&#8221;484px&#8221; custom_margin=&#8221;-60px|||||&#8221; global_colors_info=&#8221;{}&#8221;][\/et_pb_image][\/et_pb_column][et_pb_column type=&#8221;1_2&#8243; _builder_version=&#8221;4.23.1&#8243; _module_preset=&#8221;default&#8221; background_color=&#8221;#f8f9fb&#8221; custom_padding=&#8221;5%|5%|5%|5%|true|true&#8221; custom_padding_tablet=&#8221;5%|5%|5%|5%|true|true&#8221; custom_padding_phone=&#8221;5%|5%|5%|5%|true|true&#8221; custom_padding_last_edited=&#8221;on|phone&#8221; global_colors_info=&#8221;{}&#8221;][et_pb_text _builder_version=&#8221;4.21.0&#8243; _module_preset=&#8221;default&#8221; text_text_color=&#8221;#000000&#8243; text_line_height=&#8221;1.8em&#8221; header_2_text_color=&#8221;#FFFFFF&#8221; header_2_font_size=&#8221;35px&#8221; header_2_letter_spacing=&#8221;1px&#8221; header_2_line_height=&#8221;1.4em&#8221; background_color=&#8221;RGBA(255,255,255,0)&#8221; global_colors_info=&#8221;{}&#8221;]<\/p>\n<p><strong>Nickel alloy steels:<\/strong><span> <\/span><br \/><span>e.g. Alloy 601, Alloy 800, Alloy 825, Alloy 625, Alloy C-276, Alloy C-22<\/span><br \/><strong>Stainless and acid-resistant steels: <\/strong><br \/><span>e.g. 1.4541\/1.4878, 1.4571, 1.4436, 1.4460, 1.4462, 1.4410, 1.4539, 1.4547<\/span><br \/><strong>Heat-resistant steels:<\/strong><span> <\/span><br \/><span>e.g. 25CrMo4, 21CrMoV5-7, X22CrMoV121<\/span><br \/><strong>Tempered steels:<\/strong><span> <\/span><br \/><span>e.g. 42CrMo4, 34CrNiMo6, 40CrMoV4-6<\/span><br \/><strong>Nickel alloy and stainless plates<\/strong><span> also pre-cut and the bars pre-sawn.<\/span><br \/><strong>Heat-resistant and tempered steel bars<\/strong><span> also pre-sawn.<\/span><\/p>\n<p>[\/et_pb_text][\/et_pb_column][\/et_pb_row][et_pb_row _builder_version=&#8221;4.21.0&#8243; _module_preset=&#8221;default&#8221; custom_padding=&#8221;4px||2px|||&#8221; global_colors_info=&#8221;{}&#8221;][et_pb_column type=&#8221;4_4&#8243; _builder_version=&#8221;4.21.0&#8243; _module_preset=&#8221;default&#8221; global_colors_info=&#8221;{}&#8221;][et_pb_slider _builder_version=&#8221;4.21.0&#8243; _module_preset=&#8221;default&#8221; header_font=&#8221;|600|||||||&#8221; header_text_color=&#8221;#FFFFFF&#8221; global_colors_info=&#8221;{}&#8221;][et_pb_slide heading=&#8221;HOW CAN WE HELP YOU? GET IN TOUCH!&#8221; button_text=&#8221;Contact Us&#8221; button_link=&#8221;https:\/\/applefix.fi\/en\/contact-us\/&#8221; _builder_version=&#8221;4.21.0&#8243; _module_preset=&#8221;default&#8221; header_level=&#8221;h2&#8243; header_font=&#8221;|600|||||||&#8221; header_font_size=&#8221;39px&#8221; body_font=&#8221;|600|||||||&#8221; body_text_align=&#8221;center&#8221; body_line_height=&#8221;36px&#8221; background_color=&#8221;#f5561e&#8221; background_enable_color=&#8221;on&#8221; background_image=&#8221;https:\/\/applefix.fi\/wp-content\/uploads\/2021\/07\/Cronimo_Ikoni_valk.png&#8221; background_enable_image=&#8221;on&#8221; background_size=&#8221;initial&#8221; background_position=&#8221;center_right&#8221; background_horizontal_offset=&#8221;0%&#8221; background_blend=&#8221;soft-light&#8221; custom_button=&#8221;on&#8221; button_text_color=&#8221;#000000&#8243; button_bg_color=&#8221;#FFFFFF&#8221; button_border_width=&#8221;0px&#8221; button_border_color=&#8221;RGBA(255,255,255,0)&#8221; button_font=&#8221;|600||on|||||&#8221; text_orientation=&#8221;center&#8221; background_layout=&#8221;light&#8221; custom_padding=&#8221;103px||103px||true|false&#8221; global_colors_info=&#8221;{}&#8221; sticky_transition=&#8221;on&#8221;][\/et_pb_slide][\/et_pb_slider][\/et_pb_column][\/et_pb_row][\/et_pb_section]<\/p>\n","protected":false},"excerpt":{"rendered":"<p>WIDE SELECTION OF MATERIALS Our product range includes a comprehensive number of heat- and fire-resistant steels in sheets, bars and pipes. The delivery program also includes other special steels as an important part, such as nickel alloy materials, duplex and corrosion-resistant materials.Nickel alloy steels: e.g. Alloy 601, Alloy 800, Alloy 825, Alloy 625, Alloy C-276, [&hellip;]<\/p>\n","protected":false},"author":1,"featured_media":0,"parent":0,"menu_order":0,"comment_status":"closed","ping_status":"closed","template":"","meta":{"_et_pb_use_builder":"on","_et_pb_old_content":"","_et_gb_content_width":"","footnotes":""},"class_list":["post-628","page","type-page","status-publish","hentry"],"yoast_head":"<!-- This site is optimized with the Yoast SEO plugin v27.3 - https:\/\/yoast.com\/product\/yoast-seo-wordpress\/ -->\n<title>Cronimo - heat- and fire-resistant steels<\/title>\n<meta name=\"description\" content=\"Alloy 601, Alloy 800, 1.4541\/1.4878, 1.4571, 25CrMo4, 21CrMoV5-7, 42CrMo4, 34CrNiMo6, Heat-resistant and tempering steel bars\" \/>\n<meta name=\"robots\" content=\"noindex, follow, max-snippet:-1, max-image-preview:large, max-video-preview:-1\" \/>\n<meta property=\"og:locale\" content=\"en_US\" \/>\n<meta property=\"og:type\" content=\"article\" \/>\n<meta property=\"og:title\" content=\"Cronimo - heat- and fire-resistant steels\" \/>\n<meta property=\"og:description\" content=\"Alloy 601, Alloy 800, 1.4541\/1.4878, 1.4571, 25CrMo4, 21CrMoV5-7, 42CrMo4, 34CrNiMo6, Heat-resistant and tempering steel bars\" \/>\n<meta property=\"og:url\" content=\"https:\/\/applefix.fi\/materiaalit\/\" \/>\n<meta property=\"og:site_name\" content=\"Cronimo\" \/>\n<meta property=\"article:modified_time\" content=\"2025-06-09T14:04:46+00:00\" \/>\n<meta name=\"twitter:card\" content=\"summary_large_image\" \/>\n<meta name=\"twitter:label1\" content=\"Est. reading time\" \/>\n\t<meta name=\"twitter:data1\" content=\"5 minutes\" \/>\n<script type=\"application\/ld+json\" class=\"yoast-schema-graph\">{\"@context\":\"https:\\\/\\\/schema.org\",\"@graph\":[{\"@type\":\"WebPage\",\"@id\":\"https:\\\/\\\/applefix.fi\\\/materiaalit\\\/\",\"url\":\"https:\\\/\\\/applefix.fi\\\/materiaalit\\\/\",\"name\":\"Cronimo - heat- and fire-resistant steels\",\"isPartOf\":{\"@id\":\"https:\\\/\\\/applefix.fi\\\/#website\"},\"datePublished\":\"2023-10-02T08:13:28+00:00\",\"dateModified\":\"2025-06-09T14:04:46+00:00\",\"description\":\"Alloy 601, Alloy 800, 1.4541\\\/1.4878, 1.4571, 25CrMo4, 21CrMoV5-7, 42CrMo4, 34CrNiMo6, Heat-resistant and tempering steel bars\",\"breadcrumb\":{\"@id\":\"https:\\\/\\\/applefix.fi\\\/materiaalit\\\/#breadcrumb\"},\"inLanguage\":\"en-US\",\"potentialAction\":[{\"@type\":\"ReadAction\",\"target\":[\"https:\\\/\\\/applefix.fi\\\/materiaalit\\\/\"]}]},{\"@type\":\"BreadcrumbList\",\"@id\":\"https:\\\/\\\/applefix.fi\\\/materiaalit\\\/#breadcrumb\",\"itemListElement\":[{\"@type\":\"ListItem\",\"position\":1,\"name\":\"Etusivu\",\"item\":\"https:\\\/\\\/applefix.fi\\\/en\\\/\"},{\"@type\":\"ListItem\",\"position\":2,\"name\":\"Materials\"}]},{\"@type\":\"WebSite\",\"@id\":\"https:\\\/\\\/applefix.fi\\\/#website\",\"url\":\"https:\\\/\\\/applefix.fi\\\/\",\"name\":\"Cronimo\",\"description\":\"An expert in steel\",\"potentialAction\":[{\"@type\":\"SearchAction\",\"target\":{\"@type\":\"EntryPoint\",\"urlTemplate\":\"https:\\\/\\\/applefix.fi\\\/?s={search_term_string}\"},\"query-input\":{\"@type\":\"PropertyValueSpecification\",\"valueRequired\":true,\"valueName\":\"search_term_string\"}}],\"inLanguage\":\"en-US\"}]}<\/script>\n<!-- \/ Yoast SEO plugin. -->","yoast_head_json":{"title":"Cronimo - heat- and fire-resistant steels","description":"Alloy 601, Alloy 800, 1.4541\/1.4878, 1.4571, 25CrMo4, 21CrMoV5-7, 42CrMo4, 34CrNiMo6, Heat-resistant and tempering steel bars","robots":{"index":"noindex","follow":"follow","max-snippet":"max-snippet:-1","max-image-preview":"max-image-preview:large","max-video-preview":"max-video-preview:-1"},"og_locale":"en_US","og_type":"article","og_title":"Cronimo - heat- and fire-resistant steels","og_description":"Alloy 601, Alloy 800, 1.4541\/1.4878, 1.4571, 25CrMo4, 21CrMoV5-7, 42CrMo4, 34CrNiMo6, Heat-resistant and tempering steel bars","og_url":"https:\/\/applefix.fi\/materiaalit\/","og_site_name":"Cronimo","article_modified_time":"2025-06-09T14:04:46+00:00","twitter_card":"summary_large_image","twitter_misc":{"Est. reading time":"5 minutes"},"schema":{"@context":"https:\/\/schema.org","@graph":[{"@type":"WebPage","@id":"https:\/\/applefix.fi\/materiaalit\/","url":"https:\/\/applefix.fi\/materiaalit\/","name":"Cronimo - heat- and fire-resistant steels","isPartOf":{"@id":"https:\/\/applefix.fi\/#website"},"datePublished":"2023-10-02T08:13:28+00:00","dateModified":"2025-06-09T14:04:46+00:00","description":"Alloy 601, Alloy 800, 1.4541\/1.4878, 1.4571, 25CrMo4, 21CrMoV5-7, 42CrMo4, 34CrNiMo6, Heat-resistant and tempering steel bars","breadcrumb":{"@id":"https:\/\/applefix.fi\/materiaalit\/#breadcrumb"},"inLanguage":"en-US","potentialAction":[{"@type":"ReadAction","target":["https:\/\/applefix.fi\/materiaalit\/"]}]},{"@type":"BreadcrumbList","@id":"https:\/\/applefix.fi\/materiaalit\/#breadcrumb","itemListElement":[{"@type":"ListItem","position":1,"name":"Etusivu","item":"https:\/\/applefix.fi\/en\/"},{"@type":"ListItem","position":2,"name":"Materials"}]},{"@type":"WebSite","@id":"https:\/\/applefix.fi\/#website","url":"https:\/\/applefix.fi\/","name":"Cronimo","description":"An expert in steel","potentialAction":[{"@type":"SearchAction","target":{"@type":"EntryPoint","urlTemplate":"https:\/\/applefix.fi\/?s={search_term_string}"},"query-input":{"@type":"PropertyValueSpecification","valueRequired":true,"valueName":"search_term_string"}}],"inLanguage":"en-US"}]}},"_links":{"self":[{"href":"https:\/\/applefix.fi\/en\/wp-json\/wp\/v2\/pages\/628","targetHints":{"allow":["GET"]}}],"collection":[{"href":"https:\/\/applefix.fi\/en\/wp-json\/wp\/v2\/pages"}],"about":[{"href":"https:\/\/applefix.fi\/en\/wp-json\/wp\/v2\/types\/page"}],"author":[{"embeddable":true,"href":"https:\/\/applefix.fi\/en\/wp-json\/wp\/v2\/users\/1"}],"replies":[{"embeddable":true,"href":"https:\/\/applefix.fi\/en\/wp-json\/wp\/v2\/comments?post=628"}],"version-history":[{"count":5,"href":"https:\/\/applefix.fi\/en\/wp-json\/wp\/v2\/pages\/628\/revisions"}],"predecessor-version":[{"id":2917,"href":"https:\/\/applefix.fi\/en\/wp-json\/wp\/v2\/pages\/628\/revisions\/2917"}],"wp:attachment":[{"href":"https:\/\/applefix.fi\/en\/wp-json\/wp\/v2\/media?parent=628"}],"curies":[{"name":"wp","href":"https:\/\/api.w.org\/{rel}","templated":true}]}}